{"id":11231,"date":"2020-04-25T07:59:06","date_gmt":"2020-04-25T07:59:06","guid":{"rendered":"http:\/\/www.specializedtranslators.com\/traductor-jurado-de-espanol-turco-en-ankara\/"},"modified":"2020-04-25T07:59:06","modified_gmt":"2020-04-25T07:59:06","slug":"traductor-jurado-de-espanol-turco-en-ankara","status":"publish","type":"page","link":"https:\/\/specializedtranslators.com\/es\/traductor-jurado-de-espanol-turco-en-ankara\/","title":{"rendered":"Traductor jurado de espa\u00f1ol &#8211; turco en Ankara"},"content":{"rendered":"<p>\u00bfBusca un <strong>traductor jurado de espa\u00f1ol &#8211; turco<\/strong> \u2014tambi\u00e9n llamado <strong>traductor oficial<\/strong> o <strong>traductor certificado<\/strong>, seg\u00fan el pa\u00eds\u2014 en Ankara? \u00bfQuiere adem\u00e1s que su traductor sea un <strong>verdadero especialista en el campo<\/strong> en cuesti\u00f3n porque la calidad es un elemento esencial para usted y su empresa? \u00a1Entonces ha llegado al sitio adecuado!<br \/>\n<\/p>\n<h2><span style=\"color: #cc1d1d;\">Por qu\u00e9 necesita una traducci\u00f3n jurada<\/span><\/h2>\n<p><img loading=\"lazy\" class=\"alignright wp-image-4445 size-medium\" src=\"http:\/\/www.specializedtranslators.com\/wp-content\/uploads\/2020\/03\/certified_translation-300x243.jpg\" alt=\"\" width=\"300\" height=\"243\" srcset=\"https:\/\/specializedtranslators.com\/wp-content\/uploads\/2020\/03\/certified_translation-300x243.jpg 300w, https:\/\/specializedtranslators.com\/wp-content\/uploads\/2020\/03\/certified_translation.jpg 503w\" sizes=\"(max-width: 300px) 100vw, 300px\" \/>Todos los documentos emitidos en un idioma extranjero que se tengan que presentar ante una autoridad nacional o organismo oficial (ej. universidades, Comunidades Aut\u00f3nomas, embajadas, Hacienda, etc.) para conseguir documentos oficiales (permiso de residencia, nacionalidad, etc.) suelen requerir una traducci\u00f3n jurada. Sabemos que se trata de un proceso engorroso y a menudo complicado, puesto que var\u00eda entre cada pa\u00eds, por si ya no fuera bastante. Tambi\u00e9n somos conscientes de que encima suele haber mucho en juego: su negocio, nacionalidad, boda, matr\u00edcula universitaria, permiso de residencia, etc. Pasemos ahora a las buenas noticias. Gracias a nuestro <strong>amplio equipo internacional de traductores jurados de distintos pares ling\u00fc\u00edsticos<\/strong>, cumplimos perfectamente con el sistema de certificaci\u00f3n del pa\u00eds correspondiente, por lo que <strong>usted no tendr\u00e1 que preocuparse de nada<\/strong>.<strong><\/strong><strong><\/strong>&nbsp;<\/p>\n<h2><span style=\"color: #cc1d1d;\">C\u00f3mo recibir un presupuesto<\/span><\/h2>\n<p>Para recibir un presupuesto completo, solo tendr\u00e1 que enviarnos por <strong>correo electr\u00f3nico (a <span style=\"color: #cc1d1d;\">info@specializedtranslators.com<\/span>) los documentos escaneados<\/strong> como adjuntos e indicarnos la siguiente informaci\u00f3n:<\/p>\n<ul>\n<li>en qu\u00e9 <strong>idioma<\/strong> necesita la traducci\u00f3n jurada;<\/li>\n<li>en qu\u00e9 <strong>pa\u00eds<\/strong> tendr\u00e1 que presentarla;<\/li>\n<li>la <strong>direcci\u00f3n postal<\/strong> en la que desea recibir la traducci\u00f3n jurada;<\/li>\n<li>si hubiera alg\u00fan <strong>plazo<\/strong> inamovible que tiene que respetar.<\/li>\n<\/ul>\n<p>Ante cualquier duda o pregunta, no dude en <strong>llamarnos<\/strong> <strong>(<span style=\"color: #cc1d1d;\">+34&nbsp;689&nbsp;659&nbsp;118<\/span><\/strong>). Ser\u00e1 un aut\u00e9ntico placer atenderle.<br \/>\n<\/p>\n<hr>\n<p><\/p>\n<h2><span style=\"color: #cc1d1d;\">M\u00e1s informaci\u00f3n sobre Specialized Translators<\/span><\/h2>\n<p>Nuestra filosof\u00eda es ofrecer a nuestros clientes <strong>solo y exclusivamente un servicio de m\u00e1xima calidad<\/strong> y nuestro secreto \u2014no muy bien guardado\u2014 para mantener esta promesa es la <strong>especializaci\u00f3n<\/strong>. De hecho, el equipo de <span style=\"text-decoration: underline;\"><span style=\"color: #cc1d1d;\"><a style=\"color: #cc1d1d;\" href=\"http:\/\/www.specializedtranslators.com\/\" target=\"_blank\" rel=\"noopener noreferrer\"><strong>Specialized Translators<\/strong><\/a><\/span><\/span> \u2014dirigido por la traductora e int\u00e9rprete <a href=\"https:\/\/www.alessandravita.com\/my-experience\/\" target=\"_blank\" rel=\"noopener noreferrer\"><strong><span style=\"text-decoration: underline;\"><span style=\"color: #cc1d1d; text-decoration: underline;\">Alessandra Vita<\/span><\/span><\/strong><\/a>\u2014 est\u00e1 compuesto por <strong>traductores, int\u00e9rpretes<\/strong> <strong>y m\u00e1s ling\u00fcistas profesionales en todo el mundo, con m\u00faltiples combinaciones ling\u00fc\u00edsticas y distintos \u00e1mbitos de especialidad<\/strong>. Solo los profesionales especializados en su \u00e1rea de negocios se encargar\u00e1n del servicio.<br \/>\n<br \/>\n<img loading=\"lazy\" class=\"aligncenter wp-image-1162\" src=\"http:\/\/www.specializedtranslators.com\/wp-content\/uploads\/2020\/03\/assignments_specialized_translators-300x174.png\" alt=\"\" width=\"700\" height=\"406\" srcset=\"https:\/\/specializedtranslators.com\/wp-content\/uploads\/2020\/03\/assignments_specialized_translators-300x174.png 300w, https:\/\/specializedtranslators.com\/wp-content\/uploads\/2020\/03\/assignments_specialized_translators-1024x593.png 1024w, https:\/\/specializedtranslators.com\/wp-content\/uploads\/2020\/03\/assignments_specialized_translators-768x445.png 768w, https:\/\/specializedtranslators.com\/wp-content\/uploads\/2020\/03\/assignments_specialized_translators-1536x890.png 1536w, https:\/\/specializedtranslators.com\/wp-content\/uploads\/2020\/03\/assignments_specialized_translators-600x348.png 600w, https:\/\/specializedtranslators.com\/wp-content\/uploads\/2020\/03\/assignments_specialized_translators.png 2000w\" sizes=\"(max-width: 700px) 100vw, 700px\" \/><br \/>\n<br \/>\n<span style=\"text-decoration: underline;\"><span style=\"color: #cc1d1d;\"><a style=\"color: #cc1d1d;\" href=\"http:\/\/www.specializedtranslators.com\/\" target=\"_blank\" rel=\"noopener noreferrer\"><strong>Specialized Translators<\/strong><\/a><\/span><\/span> puede solucionar <strong>todas sus necesidades ling\u00fc\u00edsticas en cualquier idioma<\/strong>:<\/p>\n<ul>\n<li><strong>traducciones<\/strong> escritas (p.\u00a0ej. p\u00e1ginas web, material promocional, informes empresariales, contratos, documento oficiales y traducciones juradas, traducciones para doblaje y subt\u00edtulos de v\u00eddeos, etc.);<\/li>\n<li><strong>servicios de interpretaci\u00f3n<\/strong><strong><\/strong> (traducci\u00f3n oral en modalidad simult\u00e1nea, consecutiva o bilateral para eventos y reuniones);<\/li>\n<li><strong>equipo t\u00e9cnico<\/strong> para servicios de interpretaci\u00f3n (p.\u00a0ej. cabinas de traducci\u00f3n simult\u00e1nea para int\u00e9rpretes, micr\u00f3fonos, auriculares, receptores, t\u00e9cnico de sonido, etc.);<\/li>\n<li>Servicios de <strong>optimizaci\u00f3n SEO<\/strong> para sus contenidos online;<\/li>\n<li><strong>transcreaci\u00f3n<\/strong> (traducci\u00f3n adaptada a la lengua y cultura meta para fines publicitarios y de marketing);<\/li>\n<li>desarrollo de <strong>p\u00e1ginas web multiling\u00fces<\/strong>;<\/li>\n<li><strong>redacci\u00f3n de contenidos (copywriting) multiling\u00fce<\/strong>;<\/li>\n<li><strong>gesti\u00f3n de la comunicaci\u00f3n<\/strong> (traducci\u00f3n de correos electr\u00f3nicos, llamadas o correos de su parte para resolver asuntos personales o de negocios);<\/li>\n<li><strong>maquetaci\u00f3n de traducciones<\/strong> para d\u00e1rselo todo hecho;<\/li>\n<li><strong>asesoramiento ling\u00fc\u00edstico<\/strong>.<\/li>\n<\/ul>\n<p><\/p>\n<h2><span style=\"color: #cc1d1d;\"><strong>C\u00f3mo contactar con nosotros<\/strong><\/span><\/h2>\n<p>Si quisiera recibir un presupuesto o ante cualquier duda o pregunta, puede contactar con nuestro equipo por <strong>correo electr\u00f3nico<\/strong> (<strong><span style=\"color: #cc1d1d;\">info@specializedtranslators.com<\/span><\/strong>) o por <strong>tel\u00e9fono<\/strong> <strong>(<span style=\"color: #cc1d1d;\">+34&nbsp;689&nbsp;659&nbsp;118<\/span><\/strong>). Quedamos a su completa disposici\u00f3n para contribuir al \u00e9xito de su proyecto empresarial o ayudarle a resolver un asunto personal.<\/p>\n","protected":false},"excerpt":{"rendered":"<p>\u00bfBusca un traductor jurado de espa\u00f1ol &#8211; turco \u2014tambi\u00e9n llamado traductor oficial o traductor certificado, seg\u00fan el pa\u00eds\u2014 en Ankara? \u00bfQuiere adem\u00e1s que su traductor sea un verdadero especialista en el campo en cuesti\u00f3n porque la calidad es un elemento esencial para usted y su empresa? \u00a1Entonces ha llegado al sitio adecuado! Por qu\u00e9 necesita&hellip;<\/p>\n","protected":false},"author":1,"featured_media":0,"parent":0,"menu_order":0,"comment_status":"closed","ping_status":"closed","template":"","meta":[],"yoast_head":"<!-- This site is optimized with the Yoast SEO plugin v18.1 - https:\/\/yoast.com\/wordpress\/plugins\/seo\/ -->\n<title>Traductor jurado de espa\u00f1ol - turco en Ankara<\/title>\n<meta name=\"description\" content=\"\u00bfNecesita presentar una traducci\u00f3n jurada de espa\u00f1ol - turco en Ankara? Nuestro amplio equipo internacional de traductores jurados de distintos pares ling\u00fc\u00edsticos cumple perfectamente con el sistema de certificaci\u00f3n del pa\u00eds correspondiente, por lo que usted no tendr\u00e1 que preocuparse de nada.\" \/>\n<meta name=\"robots\" content=\"index, follow, max-snippet:-1, max-image-preview:large, max-video-preview:-1\" \/>\n<link rel=\"canonical\" href=\"https:\/\/specializedtranslators.com\/es\/traductor-jurado-de-espanol-turco-en-ankara\/\" \/>\n<meta property=\"og:locale\" content=\"es_ES\" \/>\n<meta property=\"og:type\" content=\"article\" \/>\n<meta property=\"og:title\" content=\"Traductor jurado de espa\u00f1ol - turco en Ankara\" \/>\n<meta property=\"og:description\" content=\"\u00bfNecesita presentar una traducci\u00f3n jurada de espa\u00f1ol - turco en Ankara? Nuestro amplio equipo internacional de traductores jurados de distintos pares ling\u00fc\u00edsticos cumple perfectamente con el sistema de certificaci\u00f3n del pa\u00eds correspondiente, por lo que usted no tendr\u00e1 que preocuparse de nada.\" \/>\n<meta property=\"og:url\" content=\"https:\/\/specializedtranslators.com\/es\/traductor-jurado-de-espanol-turco-en-ankara\/\" \/>\n<meta property=\"og:site_name\" content=\"Specialized Translators\" \/>\n<meta property=\"og:image\" content=\"http:\/\/www.specializedtranslators.com\/wp-content\/uploads\/2020\/03\/certified_translation-300x243.jpg\" \/>\n<meta name=\"twitter:card\" content=\"summary_large_image\" \/>\n<meta name=\"twitter:site\" content=\"@SpecTranslators\" \/>\n<meta name=\"twitter:label1\" content=\"Tiempo de lectura\" \/>\n\t<meta name=\"twitter:data1\" content=\"3 minutos\" \/>\n<script type=\"application\/ld+json\" class=\"yoast-schema-graph\">{\"@context\":\"https:\/\/schema.org\",\"@graph\":[{\"@type\":\"Organization\",\"@id\":\"https:\/\/specializedtranslators.com\/#organization\",\"name\":\"Specialized Translators\",\"url\":\"https:\/\/specializedtranslators.com\/\",\"sameAs\":[\"https:\/\/twitter.com\/SpecTranslators\"],\"logo\":{\"@type\":\"ImageObject\",\"@id\":\"https:\/\/specializedtranslators.com\/#logo\",\"inLanguage\":\"es\",\"url\":\"https:\/\/specializedtranslators.com\/wp-content\/uploads\/2018\/09\/Captura-de-pantalla-2018-09-25-a-las-11.56.38-e1537869490446.png\",\"contentUrl\":\"https:\/\/specializedtranslators.com\/wp-content\/uploads\/2018\/09\/Captura-de-pantalla-2018-09-25-a-las-11.56.38-e1537869490446.png\",\"width\":300,\"height\":278,\"caption\":\"Specialized Translators\"},\"image\":{\"@id\":\"https:\/\/specializedtranslators.com\/#logo\"}},{\"@type\":\"WebSite\",\"@id\":\"https:\/\/specializedtranslators.com\/#website\",\"url\":\"https:\/\/specializedtranslators.com\/\",\"name\":\"Specialized Translators\",\"description\":\"Your Translation and Interpreting Company\",\"publisher\":{\"@id\":\"https:\/\/specializedtranslators.com\/#organization\"},\"potentialAction\":[{\"@type\":\"SearchAction\",\"target\":{\"@type\":\"EntryPoint\",\"urlTemplate\":\"https:\/\/specializedtranslators.com\/?s={search_term_string}\"},\"query-input\":\"required name=search_term_string\"}],\"inLanguage\":\"es\"},{\"@type\":\"ImageObject\",\"@id\":\"https:\/\/specializedtranslators.com\/es\/traductor-jurado-de-espanol-turco-en-ankara\/#primaryimage\",\"inLanguage\":\"es\",\"url\":\"http:\/\/www.specializedtranslators.com\/wp-content\/uploads\/2020\/03\/certified_translation-300x243.jpg\",\"contentUrl\":\"http:\/\/www.specializedtranslators.com\/wp-content\/uploads\/2020\/03\/certified_translation-300x243.jpg\"},{\"@type\":\"WebPage\",\"@id\":\"https:\/\/specializedtranslators.com\/es\/traductor-jurado-de-espanol-turco-en-ankara\/#webpage\",\"url\":\"https:\/\/specializedtranslators.com\/es\/traductor-jurado-de-espanol-turco-en-ankara\/\",\"name\":\"Traductor jurado de espa\u00f1ol - turco en Ankara\",\"isPartOf\":{\"@id\":\"https:\/\/specializedtranslators.com\/#website\"},\"primaryImageOfPage\":{\"@id\":\"https:\/\/specializedtranslators.com\/es\/traductor-jurado-de-espanol-turco-en-ankara\/#primaryimage\"},\"datePublished\":\"2020-04-25T07:59:06+00:00\",\"dateModified\":\"2020-04-25T07:59:06+00:00\",\"description\":\"\u00bfNecesita presentar una traducci\u00f3n jurada de espa\u00f1ol - turco en Ankara? Nuestro amplio equipo internacional de traductores jurados de distintos pares ling\u00fc\u00edsticos cumple perfectamente con el sistema de certificaci\u00f3n del pa\u00eds correspondiente, por lo que usted no tendr\u00e1 que preocuparse de nada.\",\"breadcrumb\":{\"@id\":\"https:\/\/specializedtranslators.com\/es\/traductor-jurado-de-espanol-turco-en-ankara\/#breadcrumb\"},\"inLanguage\":\"es\",\"potentialAction\":[{\"@type\":\"ReadAction\",\"target\":[\"https:\/\/specializedtranslators.com\/es\/traductor-jurado-de-espanol-turco-en-ankara\/\"]}]},{\"@type\":\"BreadcrumbList\",\"@id\":\"https:\/\/specializedtranslators.com\/es\/traductor-jurado-de-espanol-turco-en-ankara\/#breadcrumb\",\"itemListElement\":[{\"@type\":\"ListItem\",\"position\":1,\"name\":\"Portada\",\"item\":\"https:\/\/specializedtranslators.com\/es\/\"},{\"@type\":\"ListItem\",\"position\":2,\"name\":\"Traductor jurado de espa\u00f1ol &#8211; turco en Ankara\"}]}]}<\/script>\n<!-- \/ Yoast SEO plugin. -->","yoast_head_json":{"title":"Traductor jurado de espa\u00f1ol - turco en Ankara","description":"\u00bfNecesita presentar una traducci\u00f3n jurada de espa\u00f1ol - turco en Ankara? Nuestro amplio equipo internacional de traductores jurados de distintos pares ling\u00fc\u00edsticos cumple perfectamente con el sistema de certificaci\u00f3n del pa\u00eds correspondiente, por lo que usted no tendr\u00e1 que preocuparse de nada.","robots":{"index":"index","follow":"follow","max-snippet":"max-snippet:-1","max-image-preview":"max-image-preview:large","max-video-preview":"max-video-preview:-1"},"canonical":"https:\/\/specializedtranslators.com\/es\/traductor-jurado-de-espanol-turco-en-ankara\/","og_locale":"es_ES","og_type":"article","og_title":"Traductor jurado de espa\u00f1ol - turco en Ankara","og_description":"\u00bfNecesita presentar una traducci\u00f3n jurada de espa\u00f1ol - turco en Ankara? Nuestro amplio equipo internacional de traductores jurados de distintos pares ling\u00fc\u00edsticos cumple perfectamente con el sistema de certificaci\u00f3n del pa\u00eds correspondiente, por lo que usted no tendr\u00e1 que preocuparse de nada.","og_url":"https:\/\/specializedtranslators.com\/es\/traductor-jurado-de-espanol-turco-en-ankara\/","og_site_name":"Specialized Translators","og_image":[{"url":"http:\/\/www.specializedtranslators.com\/wp-content\/uploads\/2020\/03\/certified_translation-300x243.jpg"}],"twitter_card":"summary_large_image","twitter_site":"@SpecTranslators","twitter_misc":{"Tiempo de lectura":"3 minutos"},"schema":{"@context":"https:\/\/schema.org","@graph":[{"@type":"Organization","@id":"https:\/\/specializedtranslators.com\/#organization","name":"Specialized Translators","url":"https:\/\/specializedtranslators.com\/","sameAs":["https:\/\/twitter.com\/SpecTranslators"],"logo":{"@type":"ImageObject","@id":"https:\/\/specializedtranslators.com\/#logo","inLanguage":"es","url":"https:\/\/specializedtranslators.com\/wp-content\/uploads\/2018\/09\/Captura-de-pantalla-2018-09-25-a-las-11.56.38-e1537869490446.png","contentUrl":"https:\/\/specializedtranslators.com\/wp-content\/uploads\/2018\/09\/Captura-de-pantalla-2018-09-25-a-las-11.56.38-e1537869490446.png","width":300,"height":278,"caption":"Specialized Translators"},"image":{"@id":"https:\/\/specializedtranslators.com\/#logo"}},{"@type":"WebSite","@id":"https:\/\/specializedtranslators.com\/#website","url":"https:\/\/specializedtranslators.com\/","name":"Specialized Translators","description":"Your Translation and Interpreting Company","publisher":{"@id":"https:\/\/specializedtranslators.com\/#organization"},"potentialAction":[{"@type":"SearchAction","target":{"@type":"EntryPoint","urlTemplate":"https:\/\/specializedtranslators.com\/?s={search_term_string}"},"query-input":"required name=search_term_string"}],"inLanguage":"es"},{"@type":"ImageObject","@id":"https:\/\/specializedtranslators.com\/es\/traductor-jurado-de-espanol-turco-en-ankara\/#primaryimage","inLanguage":"es","url":"http:\/\/www.specializedtranslators.com\/wp-content\/uploads\/2020\/03\/certified_translation-300x243.jpg","contentUrl":"http:\/\/www.specializedtranslators.com\/wp-content\/uploads\/2020\/03\/certified_translation-300x243.jpg"},{"@type":"WebPage","@id":"https:\/\/specializedtranslators.com\/es\/traductor-jurado-de-espanol-turco-en-ankara\/#webpage","url":"https:\/\/specializedtranslators.com\/es\/traductor-jurado-de-espanol-turco-en-ankara\/","name":"Traductor jurado de espa\u00f1ol - turco en Ankara","isPartOf":{"@id":"https:\/\/specializedtranslators.com\/#website"},"primaryImageOfPage":{"@id":"https:\/\/specializedtranslators.com\/es\/traductor-jurado-de-espanol-turco-en-ankara\/#primaryimage"},"datePublished":"2020-04-25T07:59:06+00:00","dateModified":"2020-04-25T07:59:06+00:00","description":"\u00bfNecesita presentar una traducci\u00f3n jurada de espa\u00f1ol - turco en Ankara? Nuestro amplio equipo internacional de traductores jurados de distintos pares ling\u00fc\u00edsticos cumple perfectamente con el sistema de certificaci\u00f3n del pa\u00eds correspondiente, por lo que usted no tendr\u00e1 que preocuparse de nada.","breadcrumb":{"@id":"https:\/\/specializedtranslators.com\/es\/traductor-jurado-de-espanol-turco-en-ankara\/#breadcrumb"},"inLanguage":"es","potentialAction":[{"@type":"ReadAction","target":["https:\/\/specializedtranslators.com\/es\/traductor-jurado-de-espanol-turco-en-ankara\/"]}]},{"@type":"BreadcrumbList","@id":"https:\/\/specializedtranslators.com\/es\/traductor-jurado-de-espanol-turco-en-ankara\/#breadcrumb","itemListElement":[{"@type":"ListItem","position":1,"name":"Portada","item":"https:\/\/specializedtranslators.com\/es\/"},{"@type":"ListItem","position":2,"name":"Traductor jurado de espa\u00f1ol &#8211; turco en Ankara"}]}]}},"_links":{"self":[{"href":"https:\/\/specializedtranslators.com\/es\/wp-json\/wp\/v2\/pages\/11231"}],"collection":[{"href":"https:\/\/specializedtranslators.com\/es\/wp-json\/wp\/v2\/pages"}],"about":[{"href":"https:\/\/specializedtranslators.com\/es\/wp-json\/wp\/v2\/types\/page"}],"author":[{"embeddable":true,"href":"https:\/\/specializedtranslators.com\/es\/wp-json\/wp\/v2\/users\/1"}],"replies":[{"embeddable":true,"href":"https:\/\/specializedtranslators.com\/es\/wp-json\/wp\/v2\/comments?post=11231"}],"version-history":[{"count":0,"href":"https:\/\/specializedtranslators.com\/es\/wp-json\/wp\/v2\/pages\/11231\/revisions"}],"wp:attachment":[{"href":"https:\/\/specializedtranslators.com\/es\/wp-json\/wp\/v2\/media?parent=11231"}],"curies":[{"name":"wp","href":"https:\/\/api.w.org\/{rel}","templated":true}]}}