{"id":10347,"date":"2020-04-25T07:48:26","date_gmt":"2020-04-25T07:48:26","guid":{"rendered":"http:\/\/www.specializedtranslators.com\/traductor-e-interprete-chino-japones-para-videoconferencias-remotas\/"},"modified":"2020-04-25T07:50:54","modified_gmt":"2020-04-25T07:50:54","slug":"traductor-e-interprete-chino-japones-para-videoconferencias-remotas","status":"publish","type":"page","link":"https:\/\/specializedtranslators.com\/es\/traductor-e-interprete-chino-japones-para-videoconferencias-remotas\/","title":{"rendered":"Traductor e int\u00e9rprete chino &#8211; japon\u00e9s para videoconferencias remotas"},"content":{"rendered":"<p>\u00bfNecesita un <strong>traductor e int\u00e9rprete de chino &#8211; japon\u00e9s para interpretar a distancia una videoconferencia<\/strong>? \u00bfQuiere adem\u00e1s que sus traductores e int\u00e9rpretes sean <strong>verdaderos especialistas en el campo<\/strong> en cuesti\u00f3n porque la calidad es un elemento esencial para usted y su empresa? \u00a1Entonces ha llegado al sitio adecuado!<br \/>\n<\/p>\n<p><img loading=\"lazy\" class=\"aligncenter wp-image-1162\" src=\"http:\/\/www.specializedtranslators.com\/wp-content\/uploads\/2020\/03\/assignments_specialized_translators-300x174.png\" alt=\"\" width=\"700\" height=\"406\" srcset=\"https:\/\/specializedtranslators.com\/wp-content\/uploads\/2020\/03\/assignments_specialized_translators-300x174.png 300w, https:\/\/specializedtranslators.com\/wp-content\/uploads\/2020\/03\/assignments_specialized_translators-1024x593.png 1024w, https:\/\/specializedtranslators.com\/wp-content\/uploads\/2020\/03\/assignments_specialized_translators-768x445.png 768w, https:\/\/specializedtranslators.com\/wp-content\/uploads\/2020\/03\/assignments_specialized_translators-1536x890.png 1536w, https:\/\/specializedtranslators.com\/wp-content\/uploads\/2020\/03\/assignments_specialized_translators-600x348.png 600w, https:\/\/specializedtranslators.com\/wp-content\/uploads\/2020\/03\/assignments_specialized_translators.png 2000w\" sizes=\"(max-width: 700px) 100vw, 700px\" \/><br \/>\n<\/p>\n<h2><\/h2>\n<h2><span style=\"color: #cc1d1d;\"><strong>C\u00f3mo contactar con nosotros<\/strong><\/span><\/h2>\n<p>\nP\u00f3ngase en contacto con nosotros para comunicarnos los <strong>detalles del evento online<\/strong> que desea que interpretemos \u2014por ej. n\u00famero de ponentes e idiomas, n\u00famero de asistentes, tipo de evento, duraci\u00f3n, modalidad de traducci\u00f3n: simult\u00e1nea (a la vez que el ponente habla) [at the same time] o consecutiva (despu\u00e9s de que el ponente habla) [taking notes and repeating afterwards what the speaker has just said], etc.\u2014.<br \/>\n<br \/>\nUna vez tengamos toda esta informaci\u00f3n, estaremos encantados de recomendarle la soluci\u00f3n que mejor se adapta a su evento, tanto desde un punto de vista t\u00e9cnico como de tecnolog\u00eda.<br \/>\n<br \/>\nPuede contactar con nosotros por <strong>correo electr\u00f3nico<\/strong> (<strong><span style=\"color: #cc1d1d;\">info@specializedtranslators.com<\/span><\/strong>) o por <strong>tel\u00e9fono<\/strong> <strong>(<span style=\"color: #cc1d1d;\">+34&nbsp;689&nbsp;659&nbsp;118<\/span><\/strong>).&nbsp;Quedamos a su completa disposici\u00f3n para contribuir al \u00e9xito de su proyecto empresarial o ayudarle a resolver un asunto personal.<br \/>\n<br \/>&nbsp;<br \/>\n<\/p>\n<h2><span style=\"color: #cc1d1d;\">M\u00e1s informaci\u00f3n sobre Specialized Translators<\/span><\/h2>\n<p>\nNuestra filosof\u00eda es ofrecer a nuestros clientes <strong>solo y exclusivamente un servicio de m\u00e1xima calidad<\/strong> y nuestro secreto \u2014no muy bien guardado\u2014 para mantener esta promesa es la <strong>especializaci\u00f3n<\/strong>.<br \/>\n<br \/>\nDe hecho, el equipo de <span style=\"text-decoration: underline;\"><span style=\"color: #cc1d1d;\"><a style=\"color: #cc1d1d;\" href=\"http:\/\/www.specializedtranslators.com\/\" target=\"_blank\" rel=\"noopener noreferrer\"><strong>Specialized Translators<\/strong><\/a><\/span><\/span> \u2014dirigido por la traductora e int\u00e9rprete <a href=\"https:\/\/www.alessandravita.com\/my-experience\/\" target=\"_blank\" rel=\"noopener noreferrer\"><strong><span style=\"text-decoration: underline;\"><span style=\"color: #cc1d1d; text-decoration: underline;\">Alessandra Vita<\/span><\/span><\/strong><\/a>\u2014 est\u00e1 compuesto por <strong>traductores, int\u00e9rpretes<\/strong> <strong>y m\u00e1s ling\u00fcistas profesionales en todo el mundo, con m\u00faltiples combinaciones ling\u00fc\u00edsticas y distintos \u00e1mbitos de especialidad<\/strong>. Solo los profesionales especializados en su \u00e1rea de negocios se encargar\u00e1n del servicio.<br \/>\n<\/p>\n<p><span style=\"text-decoration: underline;\"><span style=\"color: #cc1d1d;\"><a style=\"color: #cc1d1d;\" href=\"http:\/\/www.specializedtranslators.com\/\" target=\"_blank\" rel=\"noopener noreferrer\"><strong>Specialized Translators<\/strong><\/a><\/span><\/span> puede solucionar <strong>todas sus necesidades ling\u00fc\u00edsticas en cualquier idioma<\/strong>:&nbsp;<\/p>\n<ul>\n<li><strong>traducciones<\/strong> escritas (p.\u00a0ej. p\u00e1ginas web, material promocional, informes empresariales, contratos, documento oficiales y traducciones juradas, traducciones para doblaje y subt\u00edtulos de v\u00eddeos, etc.);<\/li>\n<li><strong>servicios de interpretaci\u00f3n<\/strong><strong><\/strong> (traducci\u00f3n oral en modalidad simult\u00e1nea, consecutiva o bilateral para eventos y reuniones);<\/li>\n<li><strong>equipo t\u00e9cnico<\/strong> para servicios de interpretaci\u00f3n (p.\u00a0ej. cabinas de traducci\u00f3n simult\u00e1nea para int\u00e9rpretes, micr\u00f3fonos, auriculares, receptores, t\u00e9cnico de sonido, etc.);<\/li>\n<li>Servicios de <strong>optimizaci\u00f3n SEO<\/strong> para sus contenidos online;<\/li>\n<li><strong>transcreaci\u00f3n<\/strong> (traducci\u00f3n adaptada a la lengua y cultura meta para fines publicitarios y de marketing);<\/li>\n<li>desarrollo de <strong>p\u00e1ginas web multiling\u00fces<\/strong>;<\/li>\n<li><strong>redacci\u00f3n de contenidos (copywriting) multiling\u00fce<\/strong>;<\/li>\n<li><strong>gesti\u00f3n de la comunicaci\u00f3n<\/strong> (traducci\u00f3n de correos electr\u00f3nicos, llamadas o correos de su parte para resolver asuntos personales o de negocios);<\/li>\n<li><strong>maquetaci\u00f3n de traducciones<\/strong> para d\u00e1rselo todo hecho;<\/li>\n<li><strong>asesoramiento ling\u00fc\u00edstico<\/strong>.<\/li>\n<\/ul>\n","protected":false},"excerpt":{"rendered":"<p>\u00bfNecesita un traductor e int\u00e9rprete de chino &#8211; japon\u00e9s para interpretar a distancia una videoconferencia? \u00bfQuiere adem\u00e1s que sus traductores e int\u00e9rpretes sean verdaderos especialistas en el campo en cuesti\u00f3n porque la calidad es un elemento esencial para usted y su empresa? \u00a1Entonces ha llegado al sitio adecuado! C\u00f3mo contactar con nosotros P\u00f3ngase en contacto&hellip;<\/p>\n","protected":false},"author":1,"featured_media":0,"parent":0,"menu_order":0,"comment_status":"closed","ping_status":"closed","template":"","meta":[],"yoast_head":"<!-- This site is optimized with the Yoast SEO plugin v18.1 - https:\/\/yoast.com\/wordpress\/plugins\/seo\/ -->\n<title>Traductor e int\u00e9rprete chino - japon\u00e9s para videoconferencias remotas<\/title>\n<meta name=\"description\" content=\"Traductores e int\u00e9rpretes de chino - japon\u00e9s para un servicio profesional de interpretaci\u00f3n remota por videoconferencia. Nuestro equipo de Specialized Translators est\u00e1 especializado en su sector para brindarle siempre la mejor calidad.\" \/>\n<meta name=\"robots\" content=\"index, follow, max-snippet:-1, max-image-preview:large, max-video-preview:-1\" \/>\n<link rel=\"canonical\" href=\"https:\/\/specializedtranslators.com\/es\/traductor-e-interprete-chino-japones-para-videoconferencias-remotas\/\" \/>\n<meta property=\"og:locale\" content=\"es_ES\" \/>\n<meta property=\"og:type\" content=\"article\" \/>\n<meta property=\"og:title\" content=\"Traductor e int\u00e9rprete chino - japon\u00e9s para videoconferencias remotas\" \/>\n<meta property=\"og:description\" content=\"Traductores e int\u00e9rpretes de chino - japon\u00e9s para un servicio profesional de interpretaci\u00f3n remota por videoconferencia. Nuestro equipo de Specialized Translators est\u00e1 especializado en su sector para brindarle siempre la mejor calidad.\" \/>\n<meta property=\"og:url\" content=\"https:\/\/specializedtranslators.com\/es\/traductor-e-interprete-chino-japones-para-videoconferencias-remotas\/\" \/>\n<meta property=\"og:site_name\" content=\"Specialized Translators\" \/>\n<meta property=\"article:modified_time\" content=\"2020-04-25T07:50:54+00:00\" \/>\n<meta property=\"og:image\" content=\"http:\/\/www.specializedtranslators.com\/wp-content\/uploads\/2020\/03\/assignments_specialized_translators-300x174.png\" \/>\n<meta name=\"twitter:card\" content=\"summary_large_image\" \/>\n<meta name=\"twitter:site\" content=\"@SpecTranslators\" \/>\n<meta name=\"twitter:label1\" content=\"Tiempo de lectura\" \/>\n\t<meta name=\"twitter:data1\" content=\"2 minutos\" \/>\n<script type=\"application\/ld+json\" class=\"yoast-schema-graph\">{\"@context\":\"https:\/\/schema.org\",\"@graph\":[{\"@type\":\"Organization\",\"@id\":\"https:\/\/specializedtranslators.com\/#organization\",\"name\":\"Specialized Translators\",\"url\":\"https:\/\/specializedtranslators.com\/\",\"sameAs\":[\"https:\/\/twitter.com\/SpecTranslators\"],\"logo\":{\"@type\":\"ImageObject\",\"@id\":\"https:\/\/specializedtranslators.com\/#logo\",\"inLanguage\":\"es\",\"url\":\"https:\/\/specializedtranslators.com\/wp-content\/uploads\/2018\/09\/Captura-de-pantalla-2018-09-25-a-las-11.56.38-e1537869490446.png\",\"contentUrl\":\"https:\/\/specializedtranslators.com\/wp-content\/uploads\/2018\/09\/Captura-de-pantalla-2018-09-25-a-las-11.56.38-e1537869490446.png\",\"width\":300,\"height\":278,\"caption\":\"Specialized Translators\"},\"image\":{\"@id\":\"https:\/\/specializedtranslators.com\/#logo\"}},{\"@type\":\"WebSite\",\"@id\":\"https:\/\/specializedtranslators.com\/#website\",\"url\":\"https:\/\/specializedtranslators.com\/\",\"name\":\"Specialized Translators\",\"description\":\"Your Translation and Interpreting Company\",\"publisher\":{\"@id\":\"https:\/\/specializedtranslators.com\/#organization\"},\"potentialAction\":[{\"@type\":\"SearchAction\",\"target\":{\"@type\":\"EntryPoint\",\"urlTemplate\":\"https:\/\/specializedtranslators.com\/?s={search_term_string}\"},\"query-input\":\"required name=search_term_string\"}],\"inLanguage\":\"es\"},{\"@type\":\"ImageObject\",\"@id\":\"https:\/\/specializedtranslators.com\/es\/traductor-e-interprete-chino-japones-para-videoconferencias-remotas\/#primaryimage\",\"inLanguage\":\"es\",\"url\":\"http:\/\/www.specializedtranslators.com\/wp-content\/uploads\/2020\/03\/assignments_specialized_translators-300x174.png\",\"contentUrl\":\"http:\/\/www.specializedtranslators.com\/wp-content\/uploads\/2020\/03\/assignments_specialized_translators-300x174.png\"},{\"@type\":\"WebPage\",\"@id\":\"https:\/\/specializedtranslators.com\/es\/traductor-e-interprete-chino-japones-para-videoconferencias-remotas\/#webpage\",\"url\":\"https:\/\/specializedtranslators.com\/es\/traductor-e-interprete-chino-japones-para-videoconferencias-remotas\/\",\"name\":\"Traductor e int\u00e9rprete chino - japon\u00e9s para videoconferencias remotas\",\"isPartOf\":{\"@id\":\"https:\/\/specializedtranslators.com\/#website\"},\"primaryImageOfPage\":{\"@id\":\"https:\/\/specializedtranslators.com\/es\/traductor-e-interprete-chino-japones-para-videoconferencias-remotas\/#primaryimage\"},\"datePublished\":\"2020-04-25T07:48:26+00:00\",\"dateModified\":\"2020-04-25T07:50:54+00:00\",\"description\":\"Traductores e int\u00e9rpretes de chino - japon\u00e9s para un servicio profesional de interpretaci\u00f3n remota por videoconferencia. Nuestro equipo de Specialized Translators est\u00e1 especializado en su sector para brindarle siempre la mejor calidad.\",\"breadcrumb\":{\"@id\":\"https:\/\/specializedtranslators.com\/es\/traductor-e-interprete-chino-japones-para-videoconferencias-remotas\/#breadcrumb\"},\"inLanguage\":\"es\",\"potentialAction\":[{\"@type\":\"ReadAction\",\"target\":[\"https:\/\/specializedtranslators.com\/es\/traductor-e-interprete-chino-japones-para-videoconferencias-remotas\/\"]}]},{\"@type\":\"BreadcrumbList\",\"@id\":\"https:\/\/specializedtranslators.com\/es\/traductor-e-interprete-chino-japones-para-videoconferencias-remotas\/#breadcrumb\",\"itemListElement\":[{\"@type\":\"ListItem\",\"position\":1,\"name\":\"Portada\",\"item\":\"https:\/\/specializedtranslators.com\/es\/\"},{\"@type\":\"ListItem\",\"position\":2,\"name\":\"Traductor e int\u00e9rprete chino &#8211; japon\u00e9s para videoconferencias remotas\"}]}]}<\/script>\n<!-- \/ Yoast SEO plugin. -->","yoast_head_json":{"title":"Traductor e int\u00e9rprete chino - japon\u00e9s para videoconferencias remotas","description":"Traductores e int\u00e9rpretes de chino - japon\u00e9s para un servicio profesional de interpretaci\u00f3n remota por videoconferencia. Nuestro equipo de Specialized Translators est\u00e1 especializado en su sector para brindarle siempre la mejor calidad.","robots":{"index":"index","follow":"follow","max-snippet":"max-snippet:-1","max-image-preview":"max-image-preview:large","max-video-preview":"max-video-preview:-1"},"canonical":"https:\/\/specializedtranslators.com\/es\/traductor-e-interprete-chino-japones-para-videoconferencias-remotas\/","og_locale":"es_ES","og_type":"article","og_title":"Traductor e int\u00e9rprete chino - japon\u00e9s para videoconferencias remotas","og_description":"Traductores e int\u00e9rpretes de chino - japon\u00e9s para un servicio profesional de interpretaci\u00f3n remota por videoconferencia. Nuestro equipo de Specialized Translators est\u00e1 especializado en su sector para brindarle siempre la mejor calidad.","og_url":"https:\/\/specializedtranslators.com\/es\/traductor-e-interprete-chino-japones-para-videoconferencias-remotas\/","og_site_name":"Specialized Translators","article_modified_time":"2020-04-25T07:50:54+00:00","og_image":[{"url":"http:\/\/www.specializedtranslators.com\/wp-content\/uploads\/2020\/03\/assignments_specialized_translators-300x174.png"}],"twitter_card":"summary_large_image","twitter_site":"@SpecTranslators","twitter_misc":{"Tiempo de lectura":"2 minutos"},"schema":{"@context":"https:\/\/schema.org","@graph":[{"@type":"Organization","@id":"https:\/\/specializedtranslators.com\/#organization","name":"Specialized Translators","url":"https:\/\/specializedtranslators.com\/","sameAs":["https:\/\/twitter.com\/SpecTranslators"],"logo":{"@type":"ImageObject","@id":"https:\/\/specializedtranslators.com\/#logo","inLanguage":"es","url":"https:\/\/specializedtranslators.com\/wp-content\/uploads\/2018\/09\/Captura-de-pantalla-2018-09-25-a-las-11.56.38-e1537869490446.png","contentUrl":"https:\/\/specializedtranslators.com\/wp-content\/uploads\/2018\/09\/Captura-de-pantalla-2018-09-25-a-las-11.56.38-e1537869490446.png","width":300,"height":278,"caption":"Specialized Translators"},"image":{"@id":"https:\/\/specializedtranslators.com\/#logo"}},{"@type":"WebSite","@id":"https:\/\/specializedtranslators.com\/#website","url":"https:\/\/specializedtranslators.com\/","name":"Specialized Translators","description":"Your Translation and Interpreting Company","publisher":{"@id":"https:\/\/specializedtranslators.com\/#organization"},"potentialAction":[{"@type":"SearchAction","target":{"@type":"EntryPoint","urlTemplate":"https:\/\/specializedtranslators.com\/?s={search_term_string}"},"query-input":"required name=search_term_string"}],"inLanguage":"es"},{"@type":"ImageObject","@id":"https:\/\/specializedtranslators.com\/es\/traductor-e-interprete-chino-japones-para-videoconferencias-remotas\/#primaryimage","inLanguage":"es","url":"http:\/\/www.specializedtranslators.com\/wp-content\/uploads\/2020\/03\/assignments_specialized_translators-300x174.png","contentUrl":"http:\/\/www.specializedtranslators.com\/wp-content\/uploads\/2020\/03\/assignments_specialized_translators-300x174.png"},{"@type":"WebPage","@id":"https:\/\/specializedtranslators.com\/es\/traductor-e-interprete-chino-japones-para-videoconferencias-remotas\/#webpage","url":"https:\/\/specializedtranslators.com\/es\/traductor-e-interprete-chino-japones-para-videoconferencias-remotas\/","name":"Traductor e int\u00e9rprete chino - japon\u00e9s para videoconferencias remotas","isPartOf":{"@id":"https:\/\/specializedtranslators.com\/#website"},"primaryImageOfPage":{"@id":"https:\/\/specializedtranslators.com\/es\/traductor-e-interprete-chino-japones-para-videoconferencias-remotas\/#primaryimage"},"datePublished":"2020-04-25T07:48:26+00:00","dateModified":"2020-04-25T07:50:54+00:00","description":"Traductores e int\u00e9rpretes de chino - japon\u00e9s para un servicio profesional de interpretaci\u00f3n remota por videoconferencia. Nuestro equipo de Specialized Translators est\u00e1 especializado en su sector para brindarle siempre la mejor calidad.","breadcrumb":{"@id":"https:\/\/specializedtranslators.com\/es\/traductor-e-interprete-chino-japones-para-videoconferencias-remotas\/#breadcrumb"},"inLanguage":"es","potentialAction":[{"@type":"ReadAction","target":["https:\/\/specializedtranslators.com\/es\/traductor-e-interprete-chino-japones-para-videoconferencias-remotas\/"]}]},{"@type":"BreadcrumbList","@id":"https:\/\/specializedtranslators.com\/es\/traductor-e-interprete-chino-japones-para-videoconferencias-remotas\/#breadcrumb","itemListElement":[{"@type":"ListItem","position":1,"name":"Portada","item":"https:\/\/specializedtranslators.com\/es\/"},{"@type":"ListItem","position":2,"name":"Traductor e int\u00e9rprete chino &#8211; japon\u00e9s para videoconferencias remotas"}]}]}},"_links":{"self":[{"href":"https:\/\/specializedtranslators.com\/es\/wp-json\/wp\/v2\/pages\/10347"}],"collection":[{"href":"https:\/\/specializedtranslators.com\/es\/wp-json\/wp\/v2\/pages"}],"about":[{"href":"https:\/\/specializedtranslators.com\/es\/wp-json\/wp\/v2\/types\/page"}],"author":[{"embeddable":true,"href":"https:\/\/specializedtranslators.com\/es\/wp-json\/wp\/v2\/users\/1"}],"replies":[{"embeddable":true,"href":"https:\/\/specializedtranslators.com\/es\/wp-json\/wp\/v2\/comments?post=10347"}],"version-history":[{"count":1,"href":"https:\/\/specializedtranslators.com\/es\/wp-json\/wp\/v2\/pages\/10347\/revisions"}],"predecessor-version":[{"id":10817,"href":"https:\/\/specializedtranslators.com\/es\/wp-json\/wp\/v2\/pages\/10347\/revisions\/10817"}],"wp:attachment":[{"href":"https:\/\/specializedtranslators.com\/es\/wp-json\/wp\/v2\/media?parent=10347"}],"curies":[{"name":"wp","href":"https:\/\/api.w.org\/{rel}","templated":true}]}}